{"id":749,"date":"2025-07-01T15:11:42","date_gmt":"2025-07-01T13:11:42","guid":{"rendered":"https:\/\/stlangnau.ch\/?page_id=749"},"modified":"2025-10-27T07:11:06","modified_gmt":"2025-10-27T06:11:06","slug":"startseite","status":"publish","type":"page","link":"https:\/\/stlangnau.ch\/","title":{"rendered":"Startseite"},"content":{"rendered":"\n<figure class=\"wp-block-image size-large\"><img loading=\"lazy\" decoding=\"async\" width=\"724\" height=\"1024\" src=\"https:\/\/stlangnau.ch\/wp-content\/uploads\/Mordswiiber-724x1024.jpg\" alt=\"\" class=\"wp-image-814\" srcset=\"https:\/\/stlangnau.ch\/wp-content\/uploads\/Mordswiiber-724x1024.jpg 724w, https:\/\/stlangnau.ch\/wp-content\/uploads\/Mordswiiber-212x300.jpg 212w, https:\/\/stlangnau.ch\/wp-content\/uploads\/Mordswiiber-768x1086.jpg 768w, https:\/\/stlangnau.ch\/wp-content\/uploads\/Mordswiiber-1086x1536.jpg 1086w, https:\/\/stlangnau.ch\/wp-content\/uploads\/Mordswiiber-1448x2048.jpg 1448w, https:\/\/stlangnau.ch\/wp-content\/uploads\/Mordswiiber.jpg 1543w\" sizes=\"auto, (max-width: 724px) 100vw, 724px\" \/><\/figure>\n\n\n\n<p>Nach der Vorf\u00fchrung offerieren wir ein <strong>Ap\u00e9ro<\/strong> und lassen den Anlass gem\u00fctlich ausklingen.<\/p>\n\n\n\n<p><strong>Ticketreservation<\/strong>:<br>Online auf Eventfrog ab 22. Oktober<\/p>\n\n\n\n<p><a href=\"https:\/\/eventfrog.ch\/de\/p\/gruppen\/seniorentheater-langnau-7373694475623773906.html\">Eventfrog<\/a><\/p>\n\n\n\n<p>Vor Ort im Kirchgemeindehaus und telefonisch auf 079 351 97 93<br>am 28. Oktober und 30. Oktober jeweils von 1400 Uhr bis 1600 Uhr<\/p>\n\n\n\n<p>Der <strong>Eintritt ist gratis<\/strong>, f\u00fcr einen angemessenen Beitrag in die Kollekte sind wir jedoch dankbar.<\/p>\n\n\n\n<p><strong>Wir danken unsern G\u00f6nnern<\/strong><\/p>\n\n\n\n<p><\/p>\n\n\n\n<ul class=\"wp-block-list\">\n<li>Kulturkommission Gemeinde Langnau&nbsp;&nbsp;&nbsp;&nbsp;&nbsp;&nbsp;&nbsp;&nbsp;&nbsp;&nbsp;&nbsp;&nbsp;&nbsp;&nbsp;&nbsp;&nbsp;&nbsp;&nbsp;&nbsp;&nbsp;&nbsp;&nbsp;&nbsp;&nbsp;&nbsp;&nbsp;&nbsp;&nbsp;<\/li>\n\n\n\n<li>F\u00f6rderverein Pro Senectute Emmental<\/li>\n\n\n\n<li>Valiant Bank Langnau<\/li>\n\n\n\n<li>Lions Club Langnau<\/li>\n\n\n\n<li>Lauenstein AG Langnau<\/li>\n\n\n\n<li>Pia und Peter Jakob Langnau<\/li>\n\n\n\n<li>Landnotariat und Advokatur Langnau<\/li>\n\n\n\n<li>Notariat und Anwaltskanzlei KOBEL<\/li>\n\n\n\n<li>Gemeinschaftspraxis Grassi\/Hofer Langnau<\/li>\n\n\n\n<li>Artolino GmbH<\/li>\n\n\n\n<li>Eichenberger Backmanufaktur Langnau<\/li>\n\n\n\n<li>B\u00e4ren-Betriebs GmbH Langnau<\/li>\n\n\n\n<li>Gardyland Langnau<\/li>\n\n\n\n<li>Blumen Weber Langnau<\/li>\n\n\n\n<li>Voegeli Druck Langnau<\/li>\n\n\n\n<li>stada ag Langnau<\/li>\n\n\n\n<li>Reto Mettler Grafik Langnau<\/li>\n\n\n\n<li>Kambly SA<\/li>\n\n\n\n<li>Aemme Getr\u00e4nke AG<\/li>\n\n\n\n<li>Gfeller Holzbau GmbH<\/li>\n<\/ul>\n\n\n\n<p><strong>&#8230; und allen Helferinnen und Helfern, die uns mit ihrer Mitarbeit unterst\u00fctzen<\/strong><\/p>\n\n\n\n<p><\/p>\n","protected":false},"excerpt":{"rendered":"<p>Nach der Vorf\u00fchrung offerieren wir ein Ap\u00e9ro und lassen den Anlass gem\u00fctlich ausklingen. Ticketreservation:Online auf Eventfrog ab 22. Oktober Eventfrog Vor Ort im Kirchgemeindehaus und telefonisch auf 079 351 97 93am 28. Oktober und 30. Oktober jeweils von 1400 Uhr bis 1600 Uhr Der Eintritt ist gratis, f\u00fcr einen angemessenen Beitrag in die Kollekte sind [&hellip;]<\/p>\n","protected":false},"author":1,"featured_media":0,"parent":0,"menu_order":0,"comment_status":"closed","ping_status":"closed","template":"","meta":{"footnotes":""},"class_list":["post-749","page","type-page","status-publish","hentry"],"_links":{"self":[{"href":"https:\/\/stlangnau.ch\/index.php?rest_route=\/wp\/v2\/pages\/749","targetHints":{"allow":["GET"]}}],"collection":[{"href":"https:\/\/stlangnau.ch\/index.php?rest_route=\/wp\/v2\/pages"}],"about":[{"href":"https:\/\/stlangnau.ch\/index.php?rest_route=\/wp\/v2\/types\/page"}],"author":[{"embeddable":true,"href":"https:\/\/stlangnau.ch\/index.php?rest_route=\/wp\/v2\/users\/1"}],"replies":[{"embeddable":true,"href":"https:\/\/stlangnau.ch\/index.php?rest_route=%2Fwp%2Fv2%2Fcomments&post=749"}],"version-history":[{"count":13,"href":"https:\/\/stlangnau.ch\/index.php?rest_route=\/wp\/v2\/pages\/749\/revisions"}],"predecessor-version":[{"id":879,"href":"https:\/\/stlangnau.ch\/index.php?rest_route=\/wp\/v2\/pages\/749\/revisions\/879"}],"wp:attachment":[{"href":"https:\/\/stlangnau.ch\/index.php?rest_route=%2Fwp%2Fv2%2Fmedia&parent=749"}],"curies":[{"name":"wp","href":"https:\/\/api.w.org\/{rel}","templated":true}]}}