{"id":2,"date":"2016-05-10T03:48:21","date_gmt":"2016-05-10T03:48:21","guid":{"rendered":"http:\/\/stlangnau.ch\/?page_id=2"},"modified":"2025-07-29T08:04:02","modified_gmt":"2025-07-29T06:04:02","slug":"sample-page","status":"publish","type":"page","link":"https:\/\/stlangnau.ch\/?page_id=2","title":{"rendered":"\u00dcber uns"},"content":{"rendered":"\n<p><strong>Wer sind wir<\/strong><\/p>\n\n\n\n<ul class=\"wp-block-list\">\n<li>Wir sind eine Gruppe theaterbegeisterte Seniorinnen und Senioren von Langnau und Umgebung.<\/li>\n\n\n\n<li>Im Sommer 2020 haben wir uns neu organisiert und uns Vereinsstrukturen gegeben. Neu, unter dem Namen: Verein Seniorentheater Langnau.<\/li>\n\n\n\n<li>Unsere Theaterproduktionen sind langj\u00e4hriger Bestandteil der kulturellen Angebote von Langnau und Umgebung.<\/li>\n<\/ul>\n\n\n\n<p><strong>Was tun wir<\/strong><\/p>\n\n\n\n<ul class=\"wp-block-list\">\n<li>Wir bringen jedes Jahr ein Theaterst\u00fcck auf die B\u00fchne.<\/li>\n\n\n\n<li>Wir erfreuen uns am gemeinsamen Theater Spielen.<\/li>\n\n\n\n<li>Wir nehmen uns viel Zeit f\u00fcr das Ein\u00fcben der Theaterst\u00fccke.<\/li>\n\n\n\n<li>Wir schl\u00fcpfen in die Rollen der Figuren und verk\u00f6rpern sie auf der B\u00fchne.<\/li>\n\n\n\n<li>Wir spielen fr\u00f6hliche, lustige oder auch nachdenkliche Geschichten.<\/li>\n\n\n\n<li>Wir m\u00f6chten unsere Theaterbesucherinnen und Theaterbesucher erfreuen und unterhalten.<\/li>\n<\/ul>\n\n\n\n<p><strong>Vereins-Chronik<\/strong><\/p>\n\n\n\n<ul class=\"wp-block-list\">\n<li><strong>2001<\/strong> : Helene Aeschlimann gr\u00fcndete das Seniorentheater. Regie f\u00fchrte Mark Kobel.<\/li>\n\n\n\n<li><strong>2013 <\/strong>: Christina und Fred Schilt \u00fcbernehmen die Leitung. Christina f\u00fchrt auch die Regie.<\/li>\n\n\n\n<li><strong>2020 <\/strong>: Der Verein &#8222;Seniorentheater Langnau&#8220; wir gegr\u00fcndet. Christina Schilt wird zur Pr\u00e4sidentin gew\u00e4hlt.<\/li>\n\n\n\n<li>2024: <strong>Rosette Gerber <\/strong>tritt die Nachfolge von Christina Schilt als <strong>Pr\u00e4sidentin<\/strong> an und <strong>Ursula Fl\u00fcckiger<\/strong> wird in Zukunft die <strong>Regie<\/strong> f\u00fchren.<\/li>\n<\/ul>\n\n\n\n<p><\/p>\n","protected":false},"excerpt":{"rendered":"<p>Wer sind wir Was tun wir Vereins-Chronik<\/p>\n","protected":false},"author":1,"featured_media":0,"parent":0,"menu_order":3,"comment_status":"closed","ping_status":"closed","template":"","meta":{"footnotes":""},"class_list":["post-2","page","type-page","status-publish","hentry"],"_links":{"self":[{"href":"https:\/\/stlangnau.ch\/index.php?rest_route=\/wp\/v2\/pages\/2","targetHints":{"allow":["GET"]}}],"collection":[{"href":"https:\/\/stlangnau.ch\/index.php?rest_route=\/wp\/v2\/pages"}],"about":[{"href":"https:\/\/stlangnau.ch\/index.php?rest_route=\/wp\/v2\/types\/page"}],"author":[{"embeddable":true,"href":"https:\/\/stlangnau.ch\/index.php?rest_route=\/wp\/v2\/users\/1"}],"replies":[{"embeddable":true,"href":"https:\/\/stlangnau.ch\/index.php?rest_route=%2Fwp%2Fv2%2Fcomments&post=2"}],"version-history":[{"count":15,"href":"https:\/\/stlangnau.ch\/index.php?rest_route=\/wp\/v2\/pages\/2\/revisions"}],"predecessor-version":[{"id":765,"href":"https:\/\/stlangnau.ch\/index.php?rest_route=\/wp\/v2\/pages\/2\/revisions\/765"}],"wp:attachment":[{"href":"https:\/\/stlangnau.ch\/index.php?rest_route=%2Fwp%2Fv2%2Fmedia&parent=2"}],"curies":[{"name":"wp","href":"https:\/\/api.w.org\/{rel}","templated":true}]}}