{"id":110,"date":"2022-09-05T16:52:46","date_gmt":"2022-09-05T14:52:46","guid":{"rendered":"https:\/\/stlangnau.ch\/?page_id=110"},"modified":"2024-05-22T14:29:26","modified_gmt":"2024-05-22T12:29:26","slug":"chronik","status":"publish","type":"page","link":"https:\/\/stlangnau.ch\/?page_id=110","title":{"rendered":"Chronik"},"content":{"rendered":"\n<h5 class=\"wp-block-heading\">Aufgef\u00fchrte St\u00fccke<\/h5>\n\n\n\n<div class=\"wp-block-columns is-layout-flex wp-container-core-columns-is-layout-28f84493 wp-block-columns-is-layout-flex\">\n<div class=\"wp-block-column is-layout-flow wp-block-column-is-layout-flow\" style=\"flex-basis:100%\">\n<div class=\"wp-block-group is-layout-flow wp-block-group-is-layout-flow\"><\/div>\n<\/div>\n<\/div>\n\n\n\n<figure class=\"wp-block-table is-style-stripes\"><table><thead><tr><th>Jahr<\/th><th><\/th><th class=\"has-text-align-left\" data-align=\"left\">Titel<\/th><th class=\"has-text-align-left\" data-align=\"left\">AutorIn<\/th><\/tr><\/thead><tbody><tr><td>2024<\/td><td><\/td><td class=\"has-text-align-left\" data-align=\"left\">Zuef\u00e4u git&#8217;s<\/td><td class=\"has-text-align-left\" data-align=\"left\">Hedi Wehrli und Joe Stadelmann<\/td><\/tr><tr><td>2022<\/td><td>&nbsp;<\/td><td class=\"has-text-align-left\" data-align=\"left\">&#8222;Aber der Erwin doch nid!&#8220;<\/td><td class=\"has-text-align-left\" data-align=\"left\">&nbsp;Alexa Thiesmeyer<\/td><\/tr><tr><td>2020<\/td><td>&nbsp;<\/td><td class=\"has-text-align-left\" data-align=\"left\">&#8222;Dr guldig Hugo&#8220;<\/td><td class=\"has-text-align-left\" data-align=\"left\">Silvia Burren<\/td><\/tr><tr><td>2019<\/td><td>&nbsp;<\/td><td class=\"has-text-align-left\" data-align=\"left\">&#8222;\u00d6ppe e Million&#8220;<\/td><td class=\"has-text-align-left\" data-align=\"left\">Gottfried Schenk<\/td><\/tr><tr><td>2018<\/td><td>&nbsp;<\/td><td class=\"has-text-align-left\" data-align=\"left\">&#8222;Dr alt Ingold&#8220;<\/td><td class=\"has-text-align-left\" data-align=\"left\">Damian Zingg<\/td><\/tr><tr><td>2017<\/td><td>&nbsp;<\/td><td class=\"has-text-align-left\" data-align=\"left\">&#8222;Tatort Alpenblick&#8220;<\/td><td class=\"has-text-align-left\" data-align=\"left\">Urs Frauchiger<\/td><\/tr><tr><td>2016<\/td><td>&nbsp;<\/td><td class=\"has-text-align-left\" data-align=\"left\">&#8222;Am B\u00e4rg&#8220;<\/td><td class=\"has-text-align-left\" data-align=\"left\">Elisabeth Schmidt<\/td><\/tr><tr><td>2015<\/td><td>&nbsp;<\/td><td class=\"has-text-align-left\" data-align=\"left\">&#8222;Ds Schmugglerd\u00f6rfli&#8220;<\/td><td class=\"has-text-align-left\" data-align=\"left\">Johannes Gneist<\/td><\/tr><tr><td>2014<\/td><td>&nbsp;<\/td><td class=\"has-text-align-left\" data-align=\"left\">&#8222;E nid ganz suberi Sach&#8220;<\/td><td class=\"has-text-align-left\" data-align=\"left\">Silvia Burri<\/td><\/tr><tr><td>2013<\/td><td>&nbsp;<\/td><td class=\"has-text-align-left\" data-align=\"left\">&#8222;Es Missverst\u00e4ndnis&#8220;<\/td><td class=\"has-text-align-left\" data-align=\"left\">von Elsa Bergmann<\/td><\/tr><tr><td>2012<\/td><td>&nbsp;<\/td><td class=\"has-text-align-left\" data-align=\"left\">&#8222;Suberi Gselle&#8220;<\/td><td class=\"has-text-align-left\" data-align=\"left\">Kurt Frauchiger<\/td><\/tr><tr><td>2011<\/td><td>&nbsp;<\/td><td class=\"has-text-align-left\" data-align=\"left\">&#8222;Willkommen an Bord&#8220;<\/td><td class=\"has-text-align-left\" data-align=\"left\">Elsa Bergmann<\/td><\/tr><tr><td>2010<\/td><td>&nbsp;<\/td><td class=\"has-text-align-left\" data-align=\"left\">&#8222;Da muess me \u00f6pis ungern\u00e4h&#8220;<\/td><td class=\"has-text-align-left\" data-align=\"left\">Elsa Bergmann<\/td><\/tr><tr><td>2009<\/td><td>&nbsp;<\/td><td class=\"has-text-align-left\" data-align=\"left\">&#8222;Jetz ersch r\u00e4cht&#8220;<\/td><td class=\"has-text-align-left\" data-align=\"left\">Elsa Bergmann<\/td><\/tr><tr><td>2007<\/td><td>&nbsp;<\/td><td class=\"has-text-align-left\" data-align=\"left\">&#8222;H\u00e4rzchlopfe&#8220;<\/td><td class=\"has-text-align-left\" data-align=\"left\">Kurt Frauchiger<\/td><\/tr><tr><td>2006<\/td><td>&nbsp;<\/td><td class=\"has-text-align-left\" data-align=\"left\">&#8222;Ds s\u00fcesse L\u00e4be vor Klara Bitterli&#8220;<\/td><td class=\"has-text-align-left\" data-align=\"left\">Joe Stadelmann<\/td><\/tr><tr><td>2005<\/td><td>&nbsp;<\/td><td class=\"has-text-align-left\" data-align=\"left\">&#8222;Happy End im Bella Vista&#8220;<\/td><td class=\"has-text-align-left\" data-align=\"left\">Urs Frauchiger<\/td><\/tr><tr><td>2004<\/td><td>&nbsp;<\/td><td class=\"has-text-align-left\" data-align=\"left\">&#8222;Chum obenabe Melanie&#8220;<\/td><td class=\"has-text-align-left\" data-align=\"left\">H. Wehrli\/J. Stadelmann<\/td><\/tr><tr><td>2003<\/td><td>&nbsp;<\/td><td class=\"has-text-align-left\" data-align=\"left\">&#8222;De Hans Meier&#8220;<\/td><td class=\"has-text-align-left\" data-align=\"left\">Maja Durlej<\/td><\/tr><tr><td>2002<\/td><td>&nbsp;<\/td><td class=\"has-text-align-left\" data-align=\"left\">Sketch&#8217;s und Geschichten<\/td><td class=\"has-text-align-left\" data-align=\"left\">Helene Aeschlimann<\/td><\/tr><\/tbody><\/table><\/figure>\n","protected":false},"excerpt":{"rendered":"<p>Aufgef\u00fchrte St\u00fccke Jahr Titel AutorIn 2024 Zuef\u00e4u git&#8217;s Hedi Wehrli und Joe Stadelmann 2022 &nbsp; &#8222;Aber der Erwin doch nid!&#8220; &nbsp;Alexa Thiesmeyer 2020 &nbsp; &#8222;Dr guldig Hugo&#8220; Silvia Burren 2019 &nbsp; &#8222;\u00d6ppe e Million&#8220; Gottfried Schenk 2018 &nbsp; &#8222;Dr alt Ingold&#8220; Damian Zingg 2017 &nbsp; &#8222;Tatort Alpenblick&#8220; Urs Frauchiger 2016 &nbsp; &#8222;Am B\u00e4rg&#8220; Elisabeth Schmidt [&hellip;]<\/p>\n","protected":false},"author":1,"featured_media":0,"parent":0,"menu_order":2,"comment_status":"closed","ping_status":"closed","template":"","meta":{"footnotes":""},"class_list":["post-110","page","type-page","status-publish","hentry"],"_links":{"self":[{"href":"https:\/\/stlangnau.ch\/index.php?rest_route=\/wp\/v2\/pages\/110","targetHints":{"allow":["GET"]}}],"collection":[{"href":"https:\/\/stlangnau.ch\/index.php?rest_route=\/wp\/v2\/pages"}],"about":[{"href":"https:\/\/stlangnau.ch\/index.php?rest_route=\/wp\/v2\/types\/page"}],"author":[{"embeddable":true,"href":"https:\/\/stlangnau.ch\/index.php?rest_route=\/wp\/v2\/users\/1"}],"replies":[{"embeddable":true,"href":"https:\/\/stlangnau.ch\/index.php?rest_route=%2Fwp%2Fv2%2Fcomments&post=110"}],"version-history":[{"count":7,"href":"https:\/\/stlangnau.ch\/index.php?rest_route=\/wp\/v2\/pages\/110\/revisions"}],"predecessor-version":[{"id":650,"href":"https:\/\/stlangnau.ch\/index.php?rest_route=\/wp\/v2\/pages\/110\/revisions\/650"}],"wp:attachment":[{"href":"https:\/\/stlangnau.ch\/index.php?rest_route=%2Fwp%2Fv2%2Fmedia&parent=110"}],"curies":[{"name":"wp","href":"https:\/\/api.w.org\/{rel}","templated":true}]}}